{"id":167,"date":"2022-01-18T11:12:35","date_gmt":"2022-01-18T11:12:35","guid":{"rendered":"https:\/\/xn--tino-gnther-yhb.de\/?page_id=167"},"modified":"2022-08-15T11:58:24","modified_gmt":"2022-08-15T11:58:24","slug":"wer-ich-bin","status":"publish","type":"page","link":"https:\/\/www.xn--tino-gnther-yhb.de\/index.php\/wer-ich-bin\/","title":{"rendered":"Wer ich bin"},"content":{"rendered":"\n<p class=\"has-black-color has-text-color\">Geboren am 28. Oktober 1962 in Olbernhau<br><\/p>\n\n\n\n<p class=\"has-black-color has-text-color\">1969-1979 Schule Seiffen<br>1979-1981 Ausbildung zum Facharbeiter f\u00fcr Holzspielzeug KWO Olbernhau<br>1981 Eintritt in den elterlichen Betrieb<br>1984-1986 Ausbildung zum Meister f\u00fcr Holzspielzeug<br>Verheiratet, 3 Kinder, 4 Enkelkinder<br>1997 \u00dcbernahme elterlicher Betrieb<\/p>\n\n\n\n<p class=\"has-black-color has-text-color\"><strong>Politisch:<\/strong><br>Februar 1990 Eintritt in die FDP<br>1990 bis 2003 und ab 2015 Vorsitzender OV Seiffen<br>1992 bis 2013 KREISVORSITZENDER der FDP Erzgebirge<br>1995 bis 08-2022 Mitglied im Landesvorstand der FDP Sachsen<br>11-2021 bis 08-2022 stellvertretender Landesvorsitzende<\/p>\n\n\n\n<p class=\"has-black-color has-text-color\">1992-2004 Gemeinderat Seiffen<br>2004-2010 Kreisrat im Erzgebirge<br>2008-2010 stellvertretender Landrat<br>2004-2014 Mitglied des s\u00e4chsischen Landtages<br>2009-2013 Vorsitzender des s\u00e4chsischen Petitionsausschusses<\/p>\n","protected":false},"excerpt":{"rendered":"<p>Geboren am 28. Oktober 1962 in Olbernhau 1969-1979 Schule Seiffen1979-1981 Ausbildung zum Facharbeiter f\u00fcr Holzspielzeug KWO Olbernhau1981 Eintritt in den elterlichen Betrieb1984-1986 Ausbildung zum Meister f\u00fcr HolzspielzeugVerheiratet, 3 Kinder, 4 Enkelkinder1997 \u00dcbernahme elterlicher Betrieb Politisch:Februar 1990 Eintritt in die FDP1990 bis 2003 und ab 2015 Vorsitzender OV Seiffen1992 bis 2013 KREISVORSITZENDER der FDP Erzgebirge1995 bis&hellip; <br \/> <a class=\"read-more\" href=\"https:\/\/www.xn--tino-gnther-yhb.de\/index.php\/wer-ich-bin\/\">Weiterlesen<\/a><\/p>\n","protected":false},"author":1,"featured_media":0,"parent":0,"menu_order":0,"comment_status":"closed","ping_status":"closed","template":"","meta":{"footnotes":""},"class_list":["post-167","page","type-page","status-publish","hentry"],"_links":{"self":[{"href":"https:\/\/www.xn--tino-gnther-yhb.de\/index.php\/wp-json\/wp\/v2\/pages\/167","targetHints":{"allow":["GET"]}}],"collection":[{"href":"https:\/\/www.xn--tino-gnther-yhb.de\/index.php\/wp-json\/wp\/v2\/pages"}],"about":[{"href":"https:\/\/www.xn--tino-gnther-yhb.de\/index.php\/wp-json\/wp\/v2\/types\/page"}],"author":[{"embeddable":true,"href":"https:\/\/www.xn--tino-gnther-yhb.de\/index.php\/wp-json\/wp\/v2\/users\/1"}],"replies":[{"embeddable":true,"href":"https:\/\/www.xn--tino-gnther-yhb.de\/index.php\/wp-json\/wp\/v2\/comments?post=167"}],"version-history":[{"count":5,"href":"https:\/\/www.xn--tino-gnther-yhb.de\/index.php\/wp-json\/wp\/v2\/pages\/167\/revisions"}],"predecessor-version":[{"id":644,"href":"https:\/\/www.xn--tino-gnther-yhb.de\/index.php\/wp-json\/wp\/v2\/pages\/167\/revisions\/644"}],"wp:attachment":[{"href":"https:\/\/www.xn--tino-gnther-yhb.de\/index.php\/wp-json\/wp\/v2\/media?parent=167"}],"curies":[{"name":"wp","href":"https:\/\/api.w.org\/{rel}","templated":true}]}}